{"id":1756,"date":"2021-04-09T03:10:53","date_gmt":"2021-04-09T03:10:53","guid":{"rendered":"https:\/\/marianaangulo.com\/?page_id=1756"},"modified":"2022-12-09T03:16:03","modified_gmt":"2022-12-09T03:16:03","slug":"contabilidad","status":"publish","type":"page","link":"https:\/\/marianaangulo.com\/en\/contabilidad\/","title":{"rendered":"Contabilidad"},"content":{"rendered":"<h3 style=\"text-align: center;\"><em><span style=\"color: #666699;\"><strong>ACCOUNTING &amp; BOOKKEEPING<\/strong><\/span><\/em><\/h3>\n<p><img fetchpriority=\"high\" decoding=\"async\" class=\"size-medium wp-image-845 aligncenter\" src=\"https:\/\/marianaangulo.com\/wp-content\/uploads\/2020\/12\/Estadisticas-300x178.png\" alt=\"\" width=\"300\" height=\"178\" srcset=\"https:\/\/marianaangulo.com\/wp-content\/uploads\/2020\/12\/Estadisticas-300x178.png 300w, https:\/\/marianaangulo.com\/wp-content\/uploads\/2020\/12\/Estadisticas-1024x609.png 1024w, https:\/\/marianaangulo.com\/wp-content\/uploads\/2020\/12\/Estadisticas-768x457.png 768w, https:\/\/marianaangulo.com\/wp-content\/uploads\/2020\/12\/Estadisticas.png 1194w\" sizes=\"(max-width: 300px) 100vw, 300px\" \/><\/p>\n<p style=\"text-align: center;\" class=\"translation-block\">Each company is different, therefore I always recommend starting with a detailed analysis in general of the organization before working in each of the functional areas, such as: accounting and bookkeeping; being one of the most important in your company and where your work will really be reflected. For this, it is important to have all the records of entries and exits organized and which must coincide with your statement or bank statement in order to achieve a reconciliation, which is necessary to carry out monthly.<\/p>\n<p style=\"text-align: center;\"><span style=\"color: #808080;\"><em>Likewise, regardless of the method you use to complete the bookkeeping, it is important that it be updated daily in the accounting system; because otherwise you will never know if your company is making a profit or not.<\/em><\/span><\/p>\n<p><span style=\"color: #808080;\"><em>You may be wondering and what is bookkeeping? Bookkeeping is the systematic recording and organization of financial transactions in a company, some of the financial transactions include: billing for goods or services, recording receipts, vendor invoices, employee pay, and reporting. government, etc.<\/em><\/span><\/p>\n<h3 style=\"text-align: center;\"><\/h3>\n<p style=\"text-align: center;\">","protected":false},"excerpt":{"rendered":"<p>CONTABILIDAD &amp; TENEDURIA DE LIBROS Cada empresa es diferente por ende siempre recomiendo empezar\u00a0con un an\u00e1lisis detallado en general de la organizaci\u00f3n antes de trabajar en cada una de\u00a0 las \u00e1reas funcionales, como lo es: contabilidad y tenedur\u00eda de libros; siendo una de las m\u00e1s importantes de tu empresa y d\u00f3nde realmente se ver\u00e1 reflejado [&hellip;]<\/p>\n","protected":false},"author":1,"featured_media":0,"parent":0,"menu_order":0,"comment_status":"closed","ping_status":"closed","template":"elementor_header_footer","meta":{"site-sidebar-layout":"no-sidebar","site-content-layout":"default","ast-site-content-layout":"default","site-content-style":"default","site-sidebar-style":"default","ast-global-header-display":"","ast-banner-title-visibility":"","ast-main-header-display":"","ast-hfb-above-header-display":"","ast-hfb-below-header-display":"","ast-hfb-mobile-header-display":"","site-post-title":"disabled","ast-breadcrumbs-content":"","ast-featured-img":"","footer-sml-layout":"","ast-disable-related-posts":"","theme-transparent-header-meta":"enabled","adv-header-id-meta":"","stick-header-meta":"","header-above-stick-meta":"","header-main-stick-meta":"","header-below-stick-meta":"","astra-migrate-meta-layouts":"default","ast-page-background-enabled":"default","ast-page-background-meta":{"desktop":{"background-color":"","background-image":"","background-repeat":"repeat","background-position":"center center","background-size":"auto","background-attachment":"scroll","background-type":"","background-media":"","overlay-type":"","overlay-color":"","overlay-opacity":"","overlay-gradient":""},"tablet":{"background-color":"","background-image":"","background-repeat":"repeat","background-position":"center center","background-size":"auto","background-attachment":"scroll","background-type":"","background-media":"","overlay-type":"","overlay-color":"","overlay-opacity":"","overlay-gradient":""},"mobile":{"background-color":"","background-image":"","background-repeat":"repeat","background-position":"center center","background-size":"auto","background-attachment":"scroll","background-type":"","background-media":"","overlay-type":"","overlay-color":"","overlay-opacity":"","overlay-gradient":""}},"ast-content-background-meta":{"desktop":{"background-color":"var(--ast-global-color-5)","background-image":"","background-repeat":"repeat","background-position":"center center","background-size":"auto","background-attachment":"scroll","background-type":"","background-media":"","overlay-type":"","overlay-color":"","overlay-opacity":"","overlay-gradient":""},"tablet":{"background-color":"var(--ast-global-color-5)","background-image":"","background-repeat":"repeat","background-position":"center center","background-size":"auto","background-attachment":"scroll","background-type":"","background-media":"","overlay-type":"","overlay-color":"","overlay-opacity":"","overlay-gradient":""},"mobile":{"background-color":"var(--ast-global-color-5)","background-image":"","background-repeat":"repeat","background-position":"center center","background-size":"auto","background-attachment":"scroll","background-type":"","background-media":"","overlay-type":"","overlay-color":"","overlay-opacity":"","overlay-gradient":""}},"footnotes":""},"class_list":["post-1756","page","type-page","status-publish","hentry"],"_links":{"self":[{"href":"https:\/\/marianaangulo.com\/en\/wp-json\/wp\/v2\/pages\/1756","targetHints":{"allow":["GET"]}}],"collection":[{"href":"https:\/\/marianaangulo.com\/en\/wp-json\/wp\/v2\/pages"}],"about":[{"href":"https:\/\/marianaangulo.com\/en\/wp-json\/wp\/v2\/types\/page"}],"author":[{"embeddable":true,"href":"https:\/\/marianaangulo.com\/en\/wp-json\/wp\/v2\/users\/1"}],"replies":[{"embeddable":true,"href":"https:\/\/marianaangulo.com\/en\/wp-json\/wp\/v2\/comments?post=1756"}],"version-history":[{"count":14,"href":"https:\/\/marianaangulo.com\/en\/wp-json\/wp\/v2\/pages\/1756\/revisions"}],"predecessor-version":[{"id":2502,"href":"https:\/\/marianaangulo.com\/en\/wp-json\/wp\/v2\/pages\/1756\/revisions\/2502"}],"wp:attachment":[{"href":"https:\/\/marianaangulo.com\/en\/wp-json\/wp\/v2\/media?parent=1756"}],"curies":[{"name":"wp","href":"https:\/\/api.w.org\/{rel}","templated":true}]}}