{"id":1884,"date":"2021-04-13T23:31:46","date_gmt":"2021-04-13T23:31:46","guid":{"rendered":"https:\/\/marianaangulo.com\/?page_id=1884"},"modified":"2021-06-15T02:50:12","modified_gmt":"2021-06-15T02:50:12","slug":"consultoriaanalisisasesoria-empresarial","status":"publish","type":"page","link":"https:\/\/marianaangulo.com\/en\/consultoriaanalisisasesoria-empresarial\/","title":{"rendered":"Consultoria,analisis,asesoria empresarial"},"content":{"rendered":"<h3 style=\"text-align: center;\"><em><span style=\"color: #666699;\">CONSULTING, ANALYSIS AND BUSINESS ADVICE<\/span><\/em><\/h3>\n<p>&nbsp;<\/p>\n<h3><em><img fetchpriority=\"high\" decoding=\"async\" class=\"size-medium wp-image-840 alignleft\" src=\"https:\/\/marianaangulo.com\/wp-content\/uploads\/2020\/12\/Loan-icono-300x271.png\" alt=\"\" width=\"300\" height=\"271\" srcset=\"https:\/\/marianaangulo.com\/wp-content\/uploads\/2020\/12\/Loan-icono-300x271.png 300w, https:\/\/marianaangulo.com\/wp-content\/uploads\/2020\/12\/Loan-icono-1024x926.png 1024w, https:\/\/marianaangulo.com\/wp-content\/uploads\/2020\/12\/Loan-icono-768x694.png 768w, https:\/\/marianaangulo.com\/wp-content\/uploads\/2020\/12\/Loan-icono.png 1125w\" sizes=\"(max-width: 300px) 100vw, 300px\" \/><\/em><\/h3>\n<p style=\"text-align: center;\"><em><span style=\"color: #808080;\">The level of development of a business is one of the most important, many times the majority of entrepreneurs and small businessmen start a business for the wrong reasons and that can cause it not to work or not go as desired and you wonder, <strong><span style=\"color: #666699;\">What should you do or what actions should you apply to grow your business?<\/span><\/strong><\/span><\/em><\/p>\n<p style=\"text-align: center;\"><em><span style=\"color: #808080;\">For this reason, it is important that you take the necessary actions on time. When you have a business it is important to be clear that you are going to have to invest in several things and one of them can be advice with a<strong> <span style=\"color: #666699;\"><u>administrative consultant<\/u><\/span><\/strong>, who will support you, guide you, advise you in the process of improving the organization to achieve your objectives, implementing the tools and methods to solve these general problems in your business or to avoid them. <\/span><\/em><\/p>\n<p><em><span style=\"color: #808080;\">There is also consulting to optimize a process or apply improvements in the company. It is important and necessary to know that the <strong><span style=\"color: #666699;\">management consulting,<\/span><\/strong> It is a professional service that will provide what your company needs and not what you think is convenient for it. Likewise, the company must be willing to make changes and be patient because the results take the necessary time. <\/span><\/em><\/p>\n<p><em><span style=\"color: #808080;\"><strong>\u00a0It is important to be clear that not all techniques, strategies, and analysis are appropriate for all companies.<\/strong><\/span><\/em><\/p>\n<p>&nbsp;<\/p>","protected":false},"excerpt":{"rendered":"<p>CONSULTORIA, ANALISIS Y ASESORIA EMPRESARIAL &nbsp; El nivel de desarrollo de un negocio es uno de los m\u00e1s importantes, muchas veces la mayor\u00eda de emprendedores y peque\u00f1os empresarios empiezan un negocio por los motivos equivocados y eso puede causar que no funcione o que no marche como quisiera y te preguntas, \u00bfque debes hacer o [&hellip;]<\/p>\n","protected":false},"author":1,"featured_media":0,"parent":0,"menu_order":0,"comment_status":"closed","ping_status":"closed","template":"elementor_header_footer","meta":{"site-sidebar-layout":"no-sidebar","site-content-layout":"default","ast-site-content-layout":"default","site-content-style":"default","site-sidebar-style":"default","ast-global-header-display":"","ast-banner-title-visibility":"","ast-main-header-display":"","ast-hfb-above-header-display":"","ast-hfb-below-header-display":"","ast-hfb-mobile-header-display":"","site-post-title":"disabled","ast-breadcrumbs-content":"","ast-featured-img":"","footer-sml-layout":"","ast-disable-related-posts":"","theme-transparent-header-meta":"enabled","adv-header-id-meta":"","stick-header-meta":"","header-above-stick-meta":"","header-main-stick-meta":"","header-below-stick-meta":"","astra-migrate-meta-layouts":"default","ast-page-background-enabled":"default","ast-page-background-meta":{"desktop":{"background-color":"","background-image":"","background-repeat":"repeat","background-position":"center center","background-size":"auto","background-attachment":"scroll","background-type":"","background-media":"","overlay-type":"","overlay-color":"","overlay-opacity":"","overlay-gradient":""},"tablet":{"background-color":"","background-image":"","background-repeat":"repeat","background-position":"center center","background-size":"auto","background-attachment":"scroll","background-type":"","background-media":"","overlay-type":"","overlay-color":"","overlay-opacity":"","overlay-gradient":""},"mobile":{"background-color":"","background-image":"","background-repeat":"repeat","background-position":"center center","background-size":"auto","background-attachment":"scroll","background-type":"","background-media":"","overlay-type":"","overlay-color":"","overlay-opacity":"","overlay-gradient":""}},"ast-content-background-meta":{"desktop":{"background-color":"var(--ast-global-color-5)","background-image":"","background-repeat":"repeat","background-position":"center center","background-size":"auto","background-attachment":"scroll","background-type":"","background-media":"","overlay-type":"","overlay-color":"","overlay-opacity":"","overlay-gradient":""},"tablet":{"background-color":"var(--ast-global-color-5)","background-image":"","background-repeat":"repeat","background-position":"center center","background-size":"auto","background-attachment":"scroll","background-type":"","background-media":"","overlay-type":"","overlay-color":"","overlay-opacity":"","overlay-gradient":""},"mobile":{"background-color":"var(--ast-global-color-5)","background-image":"","background-repeat":"repeat","background-position":"center center","background-size":"auto","background-attachment":"scroll","background-type":"","background-media":"","overlay-type":"","overlay-color":"","overlay-opacity":"","overlay-gradient":""}},"footnotes":""},"class_list":["post-1884","page","type-page","status-publish","hentry"],"_links":{"self":[{"href":"https:\/\/marianaangulo.com\/en\/wp-json\/wp\/v2\/pages\/1884","targetHints":{"allow":["GET"]}}],"collection":[{"href":"https:\/\/marianaangulo.com\/en\/wp-json\/wp\/v2\/pages"}],"about":[{"href":"https:\/\/marianaangulo.com\/en\/wp-json\/wp\/v2\/types\/page"}],"author":[{"embeddable":true,"href":"https:\/\/marianaangulo.com\/en\/wp-json\/wp\/v2\/users\/1"}],"replies":[{"embeddable":true,"href":"https:\/\/marianaangulo.com\/en\/wp-json\/wp\/v2\/comments?post=1884"}],"version-history":[{"count":20,"href":"https:\/\/marianaangulo.com\/en\/wp-json\/wp\/v2\/pages\/1884\/revisions"}],"predecessor-version":[{"id":2166,"href":"https:\/\/marianaangulo.com\/en\/wp-json\/wp\/v2\/pages\/1884\/revisions\/2166"}],"wp:attachment":[{"href":"https:\/\/marianaangulo.com\/en\/wp-json\/wp\/v2\/media?parent=1884"}],"curies":[{"name":"wp","href":"https:\/\/api.w.org\/{rel}","templated":true}]}}