{"id":2190,"date":"2021-06-16T01:35:09","date_gmt":"2021-06-16T01:35:09","guid":{"rendered":"https:\/\/marianaangulo.com\/?page_id=2190"},"modified":"2024-11-12T03:18:11","modified_gmt":"2024-11-12T03:18:11","slug":"administrando-su-negocio","status":"publish","type":"page","link":"https:\/\/marianaangulo.com\/en\/administrando-su-negocio\/","title":{"rendered":"Administrando su negocio"},"content":{"rendered":"<p><img fetchpriority=\"high\" decoding=\"async\" class=\"size-medium wp-image-2459 aligncenter\" src=\"https:\/\/marianaangulo.com\/wp-content\/uploads\/2022\/12\/estrategia-empresarial-300x168.jpg\" alt=\"\" width=\"300\" height=\"168\" srcset=\"https:\/\/marianaangulo.com\/wp-content\/uploads\/2022\/12\/estrategia-empresarial-300x168.jpg 300w, https:\/\/marianaangulo.com\/wp-content\/uploads\/2022\/12\/estrategia-empresarial-1024x572.jpg 1024w, https:\/\/marianaangulo.com\/wp-content\/uploads\/2022\/12\/estrategia-empresarial-768x429.jpg 768w, https:\/\/marianaangulo.com\/wp-content\/uploads\/2022\/12\/estrategia-empresarial-18x10.jpg 18w, https:\/\/marianaangulo.com\/wp-content\/uploads\/2022\/12\/estrategia-empresarial.jpg 1255w\" sizes=\"(max-width: 300px) 100vw, 300px\" \/><\/p>\n<p>&nbsp;<\/p>\n<h3 style=\"text-align: center;\"><span style=\"color: #666699;\"><strong>Managing your business.<\/strong><\/span><\/h3>\n<p>&nbsp;<\/p>\n<p>We know that starting a business is not easy, especially when you don't know how to manage it, or don't have the time to do so.<\/p>\n<p>For this reason we want to help you with administrative tasks, such as reviewing contracts, making estimates, invoices, sending receipts of payments to clients, etc.<\/p>\n<p>We will help you with the best strategies to create better results and make your company look professional.<\/p>\n<p>&nbsp;<\/p>\n<p>&nbsp;<\/p>\n<p>&nbsp;<\/p>\n<p>&nbsp;<\/p>","protected":false},"excerpt":{"rendered":"<p>&nbsp; Administrando su negocio! &nbsp; Sabemos que iniciar un negocio no es f\u00e1cil, y m\u00e1s cu\u00e1ndo no sabes como administrarlo, o no tienes el tiempo para ello. Por tal raz\u00f3n queremos ayudarte con la tareas administrativas, como revisando contratos, realizando estimados, facturas, enviar recibo de pagos a los clientes, etc.. Nosotros te ayudaremos con las [&hellip;]<\/p>\n","protected":false},"author":1,"featured_media":2459,"parent":0,"menu_order":0,"comment_status":"closed","ping_status":"closed","template":"","meta":{"site-sidebar-layout":"no-sidebar","site-content-layout":"default","ast-site-content-layout":"default","site-content-style":"default","site-sidebar-style":"default","ast-global-header-display":"","ast-banner-title-visibility":"","ast-main-header-display":"","ast-hfb-above-header-display":"","ast-hfb-below-header-display":"","ast-hfb-mobile-header-display":"","site-post-title":"disabled","ast-breadcrumbs-content":"","ast-featured-img":"","footer-sml-layout":"","ast-disable-related-posts":"","theme-transparent-header-meta":"default","adv-header-id-meta":"","stick-header-meta":"","header-above-stick-meta":"","header-main-stick-meta":"","header-below-stick-meta":"","astra-migrate-meta-layouts":"set","ast-page-background-enabled":"default","ast-page-background-meta":{"desktop":{"background-color":"","background-image":"","background-repeat":"repeat","background-position":"center center","background-size":"auto","background-attachment":"scroll","background-type":"","background-media":"","overlay-type":"","overlay-color":"","overlay-opacity":"","overlay-gradient":""},"tablet":{"background-color":"","background-image":"","background-repeat":"repeat","background-position":"center center","background-size":"auto","background-attachment":"scroll","background-type":"","background-media":"","overlay-type":"","overlay-color":"","overlay-opacity":"","overlay-gradient":""},"mobile":{"background-color":"","background-image":"","background-repeat":"repeat","background-position":"center center","background-size":"auto","background-attachment":"scroll","background-type":"","background-media":"","overlay-type":"","overlay-color":"","overlay-opacity":"","overlay-gradient":""}},"ast-content-background-meta":{"desktop":{"background-color":"var(--ast-global-color-5)","background-image":"","background-repeat":"repeat","background-position":"center center","background-size":"auto","background-attachment":"scroll","background-type":"","background-media":"","overlay-type":"","overlay-color":"","overlay-opacity":"","overlay-gradient":""},"tablet":{"background-color":"var(--ast-global-color-5)","background-image":"","background-repeat":"repeat","background-position":"center center","background-size":"auto","background-attachment":"scroll","background-type":"","background-media":"","overlay-type":"","overlay-color":"","overlay-opacity":"","overlay-gradient":""},"mobile":{"background-color":"var(--ast-global-color-5)","background-image":"","background-repeat":"repeat","background-position":"center center","background-size":"auto","background-attachment":"scroll","background-type":"","background-media":"","overlay-type":"","overlay-color":"","overlay-opacity":"","overlay-gradient":""}},"footnotes":""},"class_list":["post-2190","page","type-page","status-publish","has-post-thumbnail","hentry"],"_links":{"self":[{"href":"https:\/\/marianaangulo.com\/en\/wp-json\/wp\/v2\/pages\/2190","targetHints":{"allow":["GET"]}}],"collection":[{"href":"https:\/\/marianaangulo.com\/en\/wp-json\/wp\/v2\/pages"}],"about":[{"href":"https:\/\/marianaangulo.com\/en\/wp-json\/wp\/v2\/types\/page"}],"author":[{"embeddable":true,"href":"https:\/\/marianaangulo.com\/en\/wp-json\/wp\/v2\/users\/1"}],"replies":[{"embeddable":true,"href":"https:\/\/marianaangulo.com\/en\/wp-json\/wp\/v2\/comments?post=2190"}],"version-history":[{"count":13,"href":"https:\/\/marianaangulo.com\/en\/wp-json\/wp\/v2\/pages\/2190\/revisions"}],"predecessor-version":[{"id":2550,"href":"https:\/\/marianaangulo.com\/en\/wp-json\/wp\/v2\/pages\/2190\/revisions\/2550"}],"wp:featuredmedia":[{"embeddable":true,"href":"https:\/\/marianaangulo.com\/en\/wp-json\/wp\/v2\/media\/2459"}],"wp:attachment":[{"href":"https:\/\/marianaangulo.com\/en\/wp-json\/wp\/v2\/media?parent=2190"}],"curies":[{"name":"wp","href":"https:\/\/api.w.org\/{rel}","templated":true}]}}